{"id":3,"date":"2020-03-24T16:12:32","date_gmt":"2020-03-24T16:12:32","guid":{"rendered":"http:\/\/www.baomi.at\/?page_id=3"},"modified":"2020-04-08T23:49:51","modified_gmt":"2020-04-08T21:49:51","slug":"datenschutz","status":"publish","type":"page","link":"https:\/\/www.baomi.at\/en\/datenschutz\/","title":{"rendered":"Datenschutz"},"content":{"rendered":"<div id=\"comp-jh6ab01q\" class=\"txtNew\" data-packed=\"true\">\n<h2 class=\"font_2\"><span class=\"color_2\">Datenschutzerkl\u00e4rung<\/span><\/h2>\n<\/div>\n<p>Der Schutz Ihrer pers\u00f6nlichen Daten ist uns ein besonderes Anliegen. Wir verarbeiten Ihre Daten daher ausschlie\u00dflich auf Grundlage der gesetzlichen Bestimmungen (DSGVO, TKG 2003). In diesen Datenschutzinformationen informieren wir Sie \u00fcber die wichtigsten Aspekte der Datenverarbeitung im Rahmen unserer Website.<\/p>\n<p>Wenn Sie per Formular auf der Website oder per E-Mail Kontakt mit uns aufnehmen, werden Ihre angegebenen Daten zwecks Bearbeitung der Anfrage und f\u00fcr den Fall von Anschlussfragen bei uns gespeichert. Diese Daten geben wir nicht ohne Ihre Einwilligung weiter.<\/p>\n<h4 class=\"hol_header_content\">Google reCAPTCHA<\/h4>\n<p>Bei unserem Formular auf der Website, verwenden wir den Service reCAPTCHA des Unternehmens Google Inc. Um zu Unterscheiden, ob die Eingabe durch einen Mensch erfolgt oder missbr\u00e4uchlich durch einen Bot. Um zu verhindern das wir Spam Emails bekommen. Der Service inkludiert den Versand der IP-Adresse und ggf. weiterer notwendiger Daten f\u00fcr den Dienst reCAPTCHA an Google. Daf\u00fcr gilt eine andere Datenschutzerkl\u00e4rung von Google Inc. welche sie hier finden:\u00a0 http:\/\/www.google.de\/intl\/de\/privacy<\/p>\n<h4 id=\"heading_Datenspeicherung\">Datenspeicherung<\/h4>\n<p>Wir weisen darauf hin, dass zum Zweck des einfacheren Einkaufsvorganges und zur sp\u00e4teren Vertragsabwicklung vom Webshop-Betreiber im Rahmen von Cookies die IP-Daten des Anschlussinhabers gespeichert werden, ebenso wie Name, Anschrift und Kreditkartennummer\u00a0<i>[\u2026]<\/i>\u00a0des K\u00e4ufers.<\/p>\n<p>Dar\u00fcber hinaus werden zum Zweck der Vertragsabwicklung folgende Daten auch bei uns gespeichert: Einkaufsliste und Produktwahl.\u00a0Die von Ihnen bereit gestellten Daten sind zur Vertragserf\u00fcllung bzw zur Durchf\u00fchrung vorvertraglicher Ma\u00dfnahmen erforderlich. Ohne diese Daten k\u00f6nnen wir den Vertrag mit Ihnen nicht abschlie\u00dfen. Eine Daten\u00fcbermittlung an Dritte erfolgt nicht, mit Ausnahme der \u00dcbermittlung der Kreditkartendaten an die abwickelnden Bankinstitute \/ Zahlungsdienstleister zum Zwecke der Abbuchung des Einkaufspreises, an das von uns beauftragte Transportunternehmen\/Versandunternehmen zur Zustellung der Ware sowie an unseren Steuerberater zur Erf\u00fcllung unserer steuerrechtlichen Verpflichtungen.<\/p>\n<p>Nach Abbruch des Einkaufsvorganges werden die bei uns gespeicherten Daten gel\u00f6scht. Im Falle eines Vertragsabschlusses werden s\u00e4mtliche Daten aus dem Vertragsverh\u00e4ltnis bis zum Ablauf der steuerrechtlichen Aufbewahrungsfrist (7 Jahre) gespeichert.<\/p>\n<p>Die Daten Name, Anschrift, gekaufte Waren und Kaufdatum werden dar\u00fcber hinaus bis zum Ablauf der Produkthaftung (10 Jahre) gespeichert.\u00a0 Die Datenverarbeitung erfolgt auf Basis der gesetzlichen Bestimmungen des \u00a7 96 Abs 3 TKG sowie des Art 6 Abs 1 lit a (Einwilligung) und\/oder lit b (notwendig zur Vertragserf\u00fcllung) der DSGVO.<\/p>\n<h4>Cookies und Google Analytics<\/h4>\n<p>Unsere Website verwendet so genannte Cookies unteranderem auch f\u00fcr Google Analytics. Dabei handelt es sich um Informationen im Form von kleine Textdateien \u00fcber ihr Benutzungsverhalten, die mit Hilfe des Browsers auf Ihrem Endger\u00e4t abgelegt werden und zus\u00e4tzlich in unserem Auftrag mit ihrer IP Adresse an Google Inc. weitergeleitet werden.<br \/>\nEinige Cookies bleiben auf Ihrem Endger\u00e4t gespeichert, bis Sie diese l\u00f6schen. Die abgelegten Cookies richten keinen Schaden an. Sie erm\u00f6glichen es uns, Ihren Browser beim n\u00e4chsten Besuch wiederzuerkennen und helfen unser Angebot nutzerfreundlich zu gestalten.<\/p>\n<p>Google Analytics nutzt die Information in unserem Auftrag zur Erstellung eines Reports \u00fcber das Benutzerverhalten auf unseren Seiten. Die dadurch ermittelte IP-Adresse wird nicht mit anderen Daten von Google zusammengef\u00fchrt. N\u00e4here Informationen zu Nutzungsbedingungen und Datenschutz finden Sie unter <a href=\"https:\/\/www.google.com\/analytics\/terms\/de.html\">www.google.com\/analytics\/terms\/de.html<\/a><\/p>\n<p>Wenn Sie dies nicht w\u00fcnschen, so k\u00f6nnen Sie Ihren Browser so einrichten, dass er Sie \u00fcber das Setzen von Cookies informiert und Sie dies nur im Einzelfall erlauben.<\/p>\n<p>Bei der Deaktivierung von Cookies kann die Funktionalit\u00e4t unserer Website eingeschr\u00e4nkt sein.<\/p>\n<p>Ihnen stehen bez\u00fcglich Ihrer bei uns gespeicherten Daten\u00a0grunds\u00e4tzlich die Rechte auf Auskunft, Berichtigung, L\u00f6schung, Einschr\u00e4nkung, Daten\u00fcbertragbarkeit, Widerruf und Widerspruch zu. Wenn Sie glauben, dass die Verarbeitung Ihrer Daten gegen das Datenschutzrecht verst\u00f6\u00dft oder Ihre datenschutzrechtlichen Anspr\u00fcche sonst in einer Weise verletzt worden sind, k\u00f6nnen Sie sich bei uns\u00a0oder der Datenschutzbeh\u00f6rde beschweren.<\/p>\n<h4 id=\"heading_Sie_erreichen_uns_unter_folgenden_Kontaktdaten_\">Sie erreichen uns unter folgenden Kontaktdaten:<\/h4>\n<div class=\"twocol-one\">\n<h3>BAOMI<\/h3>\n<p>Althanstra\u00dfe 37<br \/>\n1090 Wien<br \/>\n<a href=\"mailto:info@baomi.at\">info@baomi.at<\/a><\/p>\n<\/div>\n","protected":false},"excerpt":{"rendered":"<p>Datenschutzerkl\u00e4rung Der Schutz Ihrer pers\u00f6nlichen Daten ist uns ein besonderes Anliegen. Wir verarbeiten Ihre Daten daher ausschlie\u00dflich auf Grundlage der gesetzlichen Bestimmungen (DSGVO, TKG 2003). In diesen Datenschutzinformationen informieren wir Sie \u00fcber die wichtigsten Aspekte der Datenverarbeitung im Rahmen unserer Website. Wenn Sie per Formular auf der Website oder per [&hellip;]<\/p>\n","protected":false},"author":1,"featured_media":0,"parent":0,"menu_order":0,"comment_status":"closed","ping_status":"open","template":"","meta":[],"translation":{"provider":"WPGlobus","version":"2.8.11","language":"en","enabled_languages":["de","en"],"languages":{"de":{"title":true,"content":true,"excerpt":false},"en":{"title":false,"content":false,"excerpt":false}}},"uagb_featured_image_src":{"full":false,"thumbnail":false,"medium":false,"medium_large":false,"large":false,"1536x1536":false,"2048x2048":false,"wpzoom-rcb-block-header":false,"wpzoom-rcb-block-header-square":false,"wpzoom-rcb-block-step-image":false,"wpzoom-rcb-structured-data-1_1":false,"wpzoom-rcb-structured-data-4_3":false,"wpzoom-rcb-structured-data-16_9":false,"loop":false,"loop-sticky":false,"loop-large":false,"loop-full":false,"loop-portrait":false,"loop-square":false,"featured-cat-small":false,"prevnext-small":false},"uagb_author_info":{"display_name":"baomi","author_link":"https:\/\/www.baomi.at\/en\/author\/infobaomi-at\/"},"uagb_comment_info":0,"uagb_excerpt":"Datenschutzerkl\u00e4rung Der Schutz Ihrer pers\u00f6nlichen Daten ist uns ein besonderes Anliegen. Wir verarbeiten Ihre Daten daher ausschlie\u00dflich auf Grundlage der gesetzlichen Bestimmungen (DSGVO, TKG 2003). In diesen Datenschutzinformationen informieren wir Sie \u00fcber die wichtigsten Aspekte der Datenverarbeitung im Rahmen unserer Website. Wenn Sie per Formular auf der Website oder per [&hellip;]","_links":{"self":[{"href":"https:\/\/www.baomi.at\/en\/wp-json\/wp\/v2\/pages\/3"}],"collection":[{"href":"https:\/\/www.baomi.at\/en\/wp-json\/wp\/v2\/pages"}],"about":[{"href":"https:\/\/www.baomi.at\/en\/wp-json\/wp\/v2\/types\/page"}],"author":[{"embeddable":true,"href":"https:\/\/www.baomi.at\/en\/wp-json\/wp\/v2\/users\/1"}],"replies":[{"embeddable":true,"href":"https:\/\/www.baomi.at\/en\/wp-json\/wp\/v2\/comments?post=3"}],"version-history":[{"count":0,"href":"https:\/\/www.baomi.at\/en\/wp-json\/wp\/v2\/pages\/3\/revisions"}],"wp:attachment":[{"href":"https:\/\/www.baomi.at\/en\/wp-json\/wp\/v2\/media?parent=3"}],"curies":[{"name":"wp","href":"https:\/\/api.w.org\/{rel}","templated":true}]}}